{"id":413,"date":"2024-04-02T14:50:50","date_gmt":"2024-04-02T13:50:50","guid":{"rendered":"https:\/\/event.smbs.at\/?page_id=413"},"modified":"2024-04-02T14:50:50","modified_gmt":"2024-04-02T13:50:50","slug":"impressum","status":"publish","type":"page","link":"https:\/\/event.smbs.at\/?page_id=413","title":{"rendered":"Impressum"},"content":{"rendered":"\n<h1 class=\"wp-block-heading\">Impressum<\/h1>\n\n\n\n<p><strong>Medieninhaber<\/strong><\/p>\n\n\n\n<p>SMBS-University of Salzburg Business School, GmbH<br>Sigmund-Haffner-Gasse 18<br>A-5020 Salzburg<\/p>\n\n\n\n<p>Tel:&nbsp;<a href=\"tel:+4366222220\">+43 662 2222-0<\/a><br>E-Mail:&nbsp;<a href=\"mailto:office@smbs.at\">office@smbs.at<\/a><br>Web:&nbsp;<a href=\"https:\/\/www.smbs.at\/\" target=\"_blank\" rel=\"noreferrer noopener\">www.smbs.at<\/a><\/p>\n\n\n\n<p>Firmenbuchnummer: 209914y<br>Firmenbuchgericht: Landesgericht Salzburg<br>UID: ATU 52485001<br>Unternehmensgegenstand: Erwachsenenbildungseinrichtung<\/p>\n\n\n\n<p><strong>Redaktion<\/strong><br>PR, Events &amp; Marketing:<\/p>\n\n\n\n<p>Markus Marek<br>Tel:&nbsp;<a href=\"tel:+4367688222222\">+43 676 8822 2220<\/a><br>E-Mail:&nbsp;<a href=\"mailto:sandra.woess@smbs.at\">markus.marek@smbs.at<\/a><\/p>\n\n\n\n<p><strong>Datenschutz<br><\/strong>Diese Website benutzt Google Analytics, einen Webanalysedienst der Google Inc. (\u201eGoogle\u201c). Google Analytics verwendet sog. \u201eCookies\u201c, Textdateien, die auf Ihrem Computer gespeichert werden und die eine Analyse der Benutzung der Website durch Sie erm\u00f6glichen. Die durch den Cookie erzeugten Informationen \u00fcber Ihre Benutzung dieser Website (einschlie\u00dflich Ihrer IP-Adresse) wird an einen Server von Google in den USA \u00fcbertragen und dort gespeichert. Google wird diese Informationen benutzen, um Ihre Nutzung der Website auszuwerten, um Reports \u00fcber die Websiteaktivit\u00e4ten f\u00fcr die Websitebetreiber zusammenzustellen und um weitere mit der Websitenutzung und der Internetnutzung verbundene Dienstleistungen zu erbringen. Auch wird Google diese Informationen gegebenenfalls an Dritte \u00fcbertragen, sofern dies gesetzlich vorgeschrieben ist oder soweit Dritte diese Daten im Auftrag von Google verarbeiten. Google wird in keinem Fall Ihre IP-Adresse mit anderen Daten von Google in Verbindung bringen. Sie k\u00f6nnen die Installation der Cookies durch eine entsprechende Einstellung Ihrer Browser Software verhindern; wir weisen Sie jedoch darauf hin, dass Sie in diesem Fall gegebenenfalls nicht s\u00e4mtliche Funktionen dieser Website vollumf\u00e4nglich nutzen k\u00f6nnen. Durch die Nutzung dieser Website erkl\u00e4ren Sie sich mit der Bearbeitung der \u00fcber Sie erhobenen Daten durch Google in der zuvor beschriebenen Art und Weise und zu dem zuvor benannten Zweck einverstanden.<\/p>\n\n\n\n<p>Wir verwenden auf unserer Webseite Mouseflow, ein Analyse-Tool der Mouseflow ApS, Flaesketorvet 68, 1711 Kopenhagen, D\u00e4nemark (&#8222;Mouseflow&#8220;). Mouseflow erm\u00f6glicht es uns, das Verhalten unserer Besucher auf unserer Webseite zu analysieren und zu verstehen, wie sie mit unserer Webseite interagieren. Dies geschieht durch die Verwendung von Cookies und \u00e4hnlichen Technologien, die Daten \u00fcber das Verhalten unserer Besucher sammeln und analysieren, wie z.B. Mausbewegungen, Klicks, Scroll-Verhalten und Tastatureingaben.<\/p>\n\n\n\n<p>Die erhobenen Daten werden anonymisiert und aggregiert und dienen ausschlie\u00dflich dazu, die Nutzung unserer Webseite zu verbessern und das Angebot an unsere Besucher anzupassen. Eine personenbezogene Auswertung oder Weitergabe an Dritte erfolgt nicht.<\/p>\n\n\n\n<p>Die Verwendung von Mouseflow erfolgt auf Grundlage von Art. 6 Abs. 1 lit. f DSGVO. Unser berechtigtes Interesse liegt in der Optimierung unserer Webseite und der Verbesserung des Nutzererlebnisses unserer Besucher.<\/p>\n\n\n\n<p>Sie haben das Recht, der Verwendung von Mouseflow jederzeit zu widersprechen. Sie k\u00f6nnen dies tun, indem Sie auf folgenden Link klicken: <a href=\"https:\/\/mouseflow.com\/opt-out\/\">Opt out of Mouseflow &#8211; Mouseflow<\/a>. Durch den Klick auf den Opt-Out-Link wird ein Cookie gesetzt, der die Verwendung von Mouseflow auf unserer Webseite deaktiviert.<\/p>\n\n\n\n<p>Weitere Informationen \u00fcber die Datenschutzpraktiken von Mouseflow finden Sie in der Datenschutzerkl\u00e4rung von Mouseflow: <a href=\"https:\/\/mouseflow.com\/legal\/company\/privacy-policy\/\">Customer Privacy Policy &#8211; Mouseflow Legal<\/a>.<\/p>\n\n\n\n<p>Bitte beachten Sie, dass die Verwendung von Mouseflow m\u00f6glicherweise Auswirkungen auf Ihre Privatsph\u00e4re hat und dass Sie Ihre Browsereinstellungen entsprechend anpassen k\u00f6nnen, um die Verwendung von Cookies zu steuern.<\/p>\n\n\n\n<p><strong>Bildrechte<br><\/strong>Die SMBS-University of Salzburg Business School, GmbH hat s\u00e4mtliche Lizenzrechte an den auf der Website verwendeten Bildern erworben bzw. \u00fcbertragen bekommen. Die verwendeten Bilder sind Erwerbungen von www.fotolia.com \/ Shutterstock \/ Tourismus Salzburg \/ pixabay.<\/p>\n","protected":false},"excerpt":{"rendered":"<p>Impressum Medieninhaber SMBS-University of Salzburg Business School, GmbHSigmund-Haffner-Gasse 18A-5020 Salzburg Tel:&nbsp;+43 662 2222-0E-Mail:&nbsp;office@smbs.atWeb:&nbsp;www.smbs.at Firmenbuchnummer: 209914yFirmenbuchgericht: Landesgericht SalzburgUID: ATU 52485001Unternehmensgegenstand: Erwachsenenbildungseinrichtung RedaktionPR, Events &amp; Marketing: Markus MarekTel:&nbsp;+43 676 8822 2220E-Mail:&nbsp;markus.marek@smbs.at DatenschutzDiese Website benutzt Google Analytics, einen Webanalysedienst der Google Inc. (\u201eGoogle\u201c). Google Analytics verwendet sog. \u201eCookies\u201c, Textdateien, die auf Ihrem Computer gespeichert werden und die eine [&hellip;]<\/p>\n","protected":false},"author":2,"featured_media":0,"parent":0,"menu_order":0,"comment_status":"closed","ping_status":"closed","template":"","meta":{"_uag_custom_page_level_css":"","site-sidebar-layout":"default","site-content-layout":"","ast-site-content-layout":"default","site-content-style":"default","site-sidebar-style":"default","ast-global-header-display":"","ast-banner-title-visibility":"","ast-main-header-display":"","ast-hfb-above-header-display":"","ast-hfb-below-header-display":"","ast-hfb-mobile-header-display":"","site-post-title":"disabled","ast-breadcrumbs-content":"","ast-featured-img":"","footer-sml-layout":"","theme-transparent-header-meta":"","adv-header-id-meta":"","stick-header-meta":"","header-above-stick-meta":"","header-main-stick-meta":"","header-below-stick-meta":"","astra-migrate-meta-layouts":"set","ast-page-background-enabled":"default","ast-page-background-meta":{"desktop":{"background-color":"var(--ast-global-color-4)","background-image":"","background-repeat":"repeat","background-position":"center center","background-size":"auto","background-attachment":"scroll","background-type":"","background-media":"","overlay-type":"","overlay-color":"","overlay-gradient":""},"tablet":{"background-color":"","background-image":"","background-repeat":"repeat","background-position":"center center","background-size":"auto","background-attachment":"scroll","background-type":"","background-media":"","overlay-type":"","overlay-color":"","overlay-gradient":""},"mobile":{"background-color":"","background-image":"","background-repeat":"repeat","background-position":"center center","background-size":"auto","background-attachment":"scroll","background-type":"","background-media":"","overlay-type":"","overlay-color":"","overlay-gradient":""}},"ast-content-background-meta":{"desktop":{"background-color":"var(--ast-global-color-5)","background-image":"","background-repeat":"repeat","background-position":"center center","background-size":"auto","background-attachment":"scroll","background-type":"","background-media":"","overlay-type":"","overlay-color":"","overlay-gradient":""},"tablet":{"background-color":"var(--ast-global-color-5)","background-image":"","background-repeat":"repeat","background-position":"center center","background-size":"auto","background-attachment":"scroll","background-type":"","background-media":"","overlay-type":"","overlay-color":"","overlay-gradient":""},"mobile":{"background-color":"var(--ast-global-color-5)","background-image":"","background-repeat":"repeat","background-position":"center center","background-size":"auto","background-attachment":"scroll","background-type":"","background-media":"","overlay-type":"","overlay-color":"","overlay-gradient":""}},"footnotes":""},"class_list":["post-413","page","type-page","status-publish","hentry"],"uagb_featured_image_src":{"full":false,"thumbnail":false,"medium":false,"medium_large":false,"large":false,"1536x1536":false,"2048x2048":false},"uagb_author_info":{"display_name":"Stephanie Lichtenberg","author_link":"https:\/\/event.smbs.at\/?author=2"},"uagb_comment_info":0,"uagb_excerpt":"Impressum Medieninhaber SMBS-University of Salzburg Business School, GmbHSigmund-Haffner-Gasse 18A-5020 Salzburg Tel:&nbsp;+43 662 2222-0E-Mail:&nbsp;office@smbs.atWeb:&nbsp;www.smbs.at Firmenbuchnummer: 209914yFirmenbuchgericht: Landesgericht SalzburgUID: ATU 52485001Unternehmensgegenstand: Erwachsenenbildungseinrichtung RedaktionPR, Events &amp; Marketing: Markus MarekTel:&nbsp;+43 676 8822 2220E-Mail:&nbsp;markus.marek@smbs.at DatenschutzDiese Website benutzt Google Analytics, einen Webanalysedienst der Google Inc. (\u201eGoogle\u201c). Google Analytics verwendet sog. \u201eCookies\u201c, Textdateien, die auf Ihrem Computer gespeichert werden und die eine&hellip;","_links":{"self":[{"href":"https:\/\/event.smbs.at\/index.php?rest_route=\/wp\/v2\/pages\/413","targetHints":{"allow":["GET"]}}],"collection":[{"href":"https:\/\/event.smbs.at\/index.php?rest_route=\/wp\/v2\/pages"}],"about":[{"href":"https:\/\/event.smbs.at\/index.php?rest_route=\/wp\/v2\/types\/page"}],"author":[{"embeddable":true,"href":"https:\/\/event.smbs.at\/index.php?rest_route=\/wp\/v2\/users\/2"}],"replies":[{"embeddable":true,"href":"https:\/\/event.smbs.at\/index.php?rest_route=%2Fwp%2Fv2%2Fcomments&post=413"}],"version-history":[{"count":1,"href":"https:\/\/event.smbs.at\/index.php?rest_route=\/wp\/v2\/pages\/413\/revisions"}],"predecessor-version":[{"id":414,"href":"https:\/\/event.smbs.at\/index.php?rest_route=\/wp\/v2\/pages\/413\/revisions\/414"}],"wp:attachment":[{"href":"https:\/\/event.smbs.at\/index.php?rest_route=%2Fwp%2Fv2%2Fmedia&parent=413"}],"curies":[{"name":"wp","href":"https:\/\/api.w.org\/{rel}","templated":true}]}}